{"id":1052,"date":"2021-02-16T17:26:56","date_gmt":"2021-02-16T22:26:56","guid":{"rendered":"http:\/\/uxata.mx\/blog\/en\/?page_id=1052"},"modified":"2021-02-16T17:36:07","modified_gmt":"2021-02-16T22:36:07","slug":"aviso-de-privacidad-integral","status":"publish","type":"page","link":"https:\/\/uxata.mx\/blog\/es\/aviso-de-privacidad-integral\/","title":{"rendered":"Aviso de privacidad integral"},"content":{"rendered":"\n<p><strong>Aviso de privacidad integral de UXATA\nPrivate Chef Services <\/strong><\/p>\n\n\n\n<p>Ana Paula Alonso, persona f\u00edsica, quien\nopera con el nombre comercial UXATA Private Chef Services, cuyo RFC es AOAN841219RG6,\ncon domicilio en Calle Fuente de la Concordia 563 Manzana 3 Lote 22 Colonia\nSanta Fe del Carmen, CP 77712, Playa del Carmen, Solidaridad, Quintana Roo,\nM\u00e9xico, es responsable de recabar sus datos personales, del uso que se le d\u00e9 a\nlos mismos y de su protecci\u00f3n conforme a lo dispuesto por la Ley General de\nProtecci\u00f3n de Datos Personales en Posesi\u00f3n de Sujetos Obligados para el Estado de\nQuintana Roo y dem\u00e1s normatividad que resulte aplicable.<\/p>\n\n\n\n<p><strong>Finalidades, uso y tratamiento de sus\ndatos personales <\/strong><\/p>\n\n\n\n<ul><li>Identificarle por su nombre y obtener una v\u00eda de\ncomunicaci\u00f3n formal y que permita el registro de lo comunicado con usted, a fin\nde responder sus consultas a nuestros servicios, proveer y solicitar\ninformaci\u00f3n, enviar precios, cotizaciones y disponibilidad. <\/li><li>Dar cumplimiento a los servicios pactados con usted. <\/li><li>Informar sobre el status, progreso y proyecci\u00f3n de las\nreservas y\/o los servicios pactados con usted. <\/li><li>Evaluar la calidad de los servicios prestados.<\/li><li>Realizar estudios internos sobre h\u00e1bitos de consumo y\ndemanda. <\/li><li>No recabamos datos personales sensibles. <\/li><\/ul>\n\n\n\n<p>Para las finalidades antes mencionadas en el presente aviso\nde privacidad, requerimos obtener los siguientes datos personales: <\/p>\n\n\n\n<ol><li>Nombre\/s y Apellido\/s<\/li><li>E-mail <\/li><li>Tel\u00e9fono personal. <\/li><li>Fechas y horarios de los servicios que consulta.<\/li><li>Localidad, ubicaci\u00f3n, direcci\u00f3n y nombre del lugar donde se\nbrindar\u00e1n los servicios. <\/li><li>Cantidad de personas a servir en cada servicio. <\/li><li>Men\u00fas, bebidas y complementos escogidos para cada servicio. <\/li><li>Declaraci\u00f3n de alergias alimenticias en el grupo (sin\nnecesidad de identificar personalmente a sus portadores) <\/li><li>Listado de productos a comprar, extra a lo necesario para la\nconfecci\u00f3n del men\u00fa. <\/li><li>Datos fiscales para facturaci\u00f3n. <\/li><\/ol>\n\n\n\n<p>Podemos recabar sus datos personales de\ndistintas formas: Cuando usted nos los proporciona directamente o nosotros se\nlo solicitamos, por cualquier medio de comunicaci\u00f3n; cuando visita nuestro\nsitio de internet o utiliza nuestros servicios en l\u00ednea; cuando completa\nnuestro formulario de contacto en nuestro sitio de internet, y cuando obtenemos\ninformaci\u00f3n a trav\u00e9s de otras fuentes manuales y\/o autom\u00e1ticas que est\u00e1n permitidas\npor la ley. <\/p>\n\n\n\n<p>Nos comprometemos a no transferir su\ninformaci\u00f3n personal a terceros sin su consentimiento, salvo las excepciones\nprevistas en el art\u00edculo 37 de la Ley Federal de Protecci\u00f3n de Datos Personales\nen Posesi\u00f3n de los Particulares, as\u00ed como a realizar esta transferencia en los\nt\u00e9rminos que fija esa ley.<\/p>\n\n\n\n<p><strong>C\u00f3mo puede usted limitar el uso y\/o\ndivulgaci\u00f3n de sus datos personales o revocar su consentimiento ejerciendo los\nderechos ARCO Acceso, Rectificaci\u00f3n, Cancelaci\u00f3n u Oposici\u00f3n<\/strong><\/p>\n\n\n\n<p>En todo momento usted\ntiene derecho de acceder, rectificar y cancelar sus datos personales, as\u00ed como\nde oponerse al tratamiento de los mismos o revocar el consentimiento que para\ntal fin nos haya otorgado. Para ello es necesario que nos env\u00ede su solicitud al\ncorreo <a href=\"mailto:gerencia@uxata.mx\">gerencia@uxata.mx<\/a>, detallando su caso e indicando,\nexpresamente, el destino presente y futuro que desea se le d\u00e9 a sus datos\npersonales recabados por UXATA. Deber\u00e1 acreditar la titularidad de sus datos\npersonales con copia simple del documento legal de identificaci\u00f3n de su pa\u00eds. Tambi\u00e9n\npuede realizar dicha petici\u00f3n enviando correo a Calle\nFuente de la Concordia 563 Manzana 3 Lote 22 Colonia Santa Fe del Carmen, CP\n77712, Playa del Carmen, Solidaridad, Quintana Roo, M\u00e9xico, tel\u00e9fono +52 1 984\n322 20 81. <\/p>\n\n\n\n<p>El plazo m\u00e1ximo para atender y\nresponder su solicitud es de 72 hs desde recibida la misma. La misma ser\u00e1\nenviada en el mismo formato en que fue recibida. &nbsp;<\/p>\n\n\n\n<p><strong>Uso de cookies y web beacons<\/strong><\/p>\n\n\n\n<p>Las cookies son archivos de texto que\nson descargados autom\u00e1ticamente y almacenados en el disco duro del equipo de\nc\u00f3mputo del usuario al navegar en una p\u00e1gina de Internet espec\u00edfica, que permiten\nrecordar al servidor de internet algunos datos sobre este usuario, entre ellos,\nsus preferencias para la visualizaci\u00f3n de las p\u00e1ginas en ese servidor, nombre y\ncontrase\u00f1a.<\/p>\n\n\n\n<p>Utilizamos cookies anal\u00edticas, de\npersonalizaci\u00f3n, de duraci\u00f3n y de terceros. &nbsp;<\/p>\n\n\n\n<p>En cualquier momento usted puede\neliminar las cookies accediendo a las preferencias de configuraci\u00f3n de su\nnavegador.<\/p>\n\n\n\n<p>Por su parte, las web beacons son\nim\u00e1genes insertadas en una p\u00e1gina de Internet o correo electr\u00f3nico, que puede\nser utilizado para monitorear el comportamiento de un visitante, como almacenar\ninformaci\u00f3n sobre la direcci\u00f3n IP del usuario, duraci\u00f3n del tiempo de\ninteracci\u00f3n en dicha p\u00e1gina y el tipo de navegador utilizado.<\/p>\n\n\n\n<p>Le informamos que utilizamos cookies y\nweb beacons para obtener informaci\u00f3n personal de usted, como la siguiente:<\/p>\n\n\n\n<ul><li>Su tipo de dispositivo, navegador y sistema operativo.<\/li><li>Su direcci\u00f3n IP.<\/li><li>El pa\u00eds desde donde usted se conect\u00f3.<\/li><li>Su permanencia en nuestra web.<\/li><li>Palabras claves de b\u00fasqueda por la que nos encontr\u00f3.<\/li><\/ul>\n\n\n\n<p>Utilizamos\nlas siguiente cookies de terceros: <\/p>\n\n\n\n<ul><li>Google Analytics: Almacenamiento de cookies para elaborar\nestad\u00edsticas acerca del tr\u00e1fico y volumen de visitas de esta web. Al utilizar\neste sitio web est\u00e1 consintiendo el tratamiento de informaci\u00f3n acerca de usted\npor Google. Por tanto, el ejercicio de cualquier derecho en este sentido deber\u00e1\nhacerlo comunicando directamente con Google. Google, LLC. Se encuentra ubicado\nen 1600 Amphitheatre Parkway, Mountain View, Santa Clara, California 94043,\nEstados Unidos. <\/li><\/ul>\n\n\n\n<p>Para m\u00e1s informaci\u00f3n sobre las\npol\u00edticas de cookies y medidas de protecci\u00f3n de datos de Google, visitar: <\/p>\n\n\n\n<figure class=\"wp-block-embed\"><div class=\"wp-block-embed__wrapper\">\nhttps:\/\/developers.google.com\/analytics\/devguides\/collection\/analyticsjs\/cookie-usage?hl=es&#038;csw=1\n<\/div><\/figure>\n\n\n\n<figure class=\"wp-block-embed\"><div class=\"wp-block-embed__wrapper\">\nhttps:\/\/support.google.com\/analytics\/answer\/6004245?hl=es\n<\/div><\/figure>\n\n\n\n<ul><li>Redes sociales: Cada red social posee cookies propias que\npermiten la interacci\u00f3n con sus plataformas y nuestros contenidos, por parte\ndel usuario. El ejercicio de cualquier derecho deber\u00e1 hacerse comunic\u00e1ndose\ndirectamente con las empresas propietarias de las redes sociales pertinentes. <\/li><\/ul>\n\n\n\n<p>Estas\ncookies y otras tecnolog\u00edas pueden ser deshabilitadas haciendo click en la\nopci\u00f3n Cancelar o abandonando nuestro sitio de internet sin Aceptar el aviso de\nprivacidad. <\/p>\n\n\n\n<p><strong>Modificaciones al aviso de privacidad<\/strong><\/p>\n\n\n\n<p>Nos reservamos el derecho de efectuar\nen cualquier momento modificaciones o actualizaciones al presente aviso de\nprivacidad, para la atenci\u00f3n de novedades legislativas, pol\u00edticas internas o\nnuevos requerimientos para la prestaci\u00f3n u ofrecimiento de nuestros servicios o\nproductos y pr\u00e1cticas del mercado. Estas modificaciones estar\u00e1n disponibles al\np\u00fablico en nuestra p\u00e1gina de Internet <a href=\"http:\/\/www.uxata.mx\">www.uxata.mx<\/a>, o se las haremos llegar al \u00faltimo\ncorreo electr\u00f3nico que nos haya proporcionado. <\/p>\n\n\n\n<p>Si\nusted considera que su derecho de protecci\u00f3n de datos personales ha sido\nlesionado por alguna conducta de nuestros empleados o de nuestras actuaciones o\nrespuestas, presume que en el tratamiento de sus datos personales existe alguna\nviolaci\u00f3n a las disposiciones previstas en la Ley Federal de Protecci\u00f3n de\nDatos Personales en Posesi\u00f3n de los Particulares, podr\u00e1 interponer la queja o\ndenuncia correspondiente ante el INAI <a href=\"https:\/\/home.inai.org.mx\/\">https:\/\/home.inai.org.mx\/<\/a> <\/p>\n\n\n\n<p><strong>Fecha de \u00faltima actualizaci\u00f3n del\npresente Aviso de privacidad <\/strong><\/p>\n\n\n\n<p>16\/02\/2021<\/p>\n\n\n\n<p><\/p>\n\n\n\n<p><\/p>\n","protected":false},"excerpt":{"rendered":"<p>Aviso de privacidad integral de UXATA Private Chef Services Ana Paula Alonso, persona f\u00edsica, quien opera con el nombre comercial UXATA Private Chef Services, cuyo RFC es AOAN841219RG6, con domicilio en Calle Fuente de la Concordia 563 Manzana 3 Lote 22 Colonia Santa Fe del Carmen, CP 77712, Playa del Carmen, Solidaridad, Quintana Roo, M\u00e9xico, [&hellip;]<\/p>\n","protected":false},"author":1,"featured_media":0,"parent":0,"menu_order":0,"comment_status":"closed","ping_status":"closed","template":"page-full-width.php","meta":[],"_links":{"self":[{"href":"https:\/\/uxata.mx\/blog\/es\/wp-json\/wp\/v2\/pages\/1052"}],"collection":[{"href":"https:\/\/uxata.mx\/blog\/es\/wp-json\/wp\/v2\/pages"}],"about":[{"href":"https:\/\/uxata.mx\/blog\/es\/wp-json\/wp\/v2\/types\/page"}],"author":[{"embeddable":true,"href":"https:\/\/uxata.mx\/blog\/es\/wp-json\/wp\/v2\/users\/1"}],"replies":[{"embeddable":true,"href":"https:\/\/uxata.mx\/blog\/es\/wp-json\/wp\/v2\/comments?post=1052"}],"version-history":[{"count":2,"href":"https:\/\/uxata.mx\/blog\/es\/wp-json\/wp\/v2\/pages\/1052\/revisions"}],"predecessor-version":[{"id":1055,"href":"https:\/\/uxata.mx\/blog\/es\/wp-json\/wp\/v2\/pages\/1052\/revisions\/1055"}],"wp:attachment":[{"href":"https:\/\/uxata.mx\/blog\/es\/wp-json\/wp\/v2\/media?parent=1052"}],"curies":[{"name":"wp","href":"https:\/\/api.w.org\/{rel}","templated":true}]}}